{"id":95,"date":"2025-10-07T12:26:33","date_gmt":"2025-10-07T12:26:33","guid":{"rendered":"https:\/\/ibercap.es\/?page_id=95"},"modified":"2025-10-08T14:51:36","modified_gmt":"2025-10-08T14:51:36","slug":"brokers-y-corredores-que-financian-pequenas-empresas","status":"publish","type":"page","link":"https:\/\/ibercap.es\/index.php\/brokers-y-corredores-que-financian-pequenas-empresas\/","title":{"rendered":"Brokers"},"content":{"rendered":"<p>[et_pb_section fb_built=&#8221;1&#8243; _builder_version=&#8221;4.27.4&#8243; _module_preset=&#8221;default&#8221; custom_margin=&#8221;60px||||false|false&#8221; global_colors_info=&#8221;{}&#8221;][et_pb_row _builder_version=&#8221;4.27.4&#8243; _module_preset=&#8221;default&#8221; global_colors_info=&#8221;{}&#8221;][et_pb_column type=&#8221;4_4&#8243; _builder_version=&#8221;4.27.4&#8243; _module_preset=&#8221;default&#8221; global_colors_info=&#8221;{}&#8221;][et_pb_text _builder_version=&#8221;4.27.4&#8243; _module_preset=&#8221;default&#8221; header_font=&#8221;|600|||||||&#8221; header_3_font=&#8221;|700|||||||&#8221; header_3_text_align=&#8221;center&#8221; header_3_text_color=&#8221;#E09900&#8243; text_orientation=&#8221;center&#8221; custom_padding=&#8221;||0px|||&#8221; custom_css_free_form=&#8221;selector h3{margin-bottom:30px};&#8221; global_colors_info=&#8221;{}&#8221;]<\/p>\n<h1><span class=\"sina-fancytext-prefix\">LOS CORREDORES FINANCIAN A LOS CLIENTES<\/span><\/h1>\n<p>&nbsp;<\/p>\n<p>[\/et_pb_text][et_pb_image src=&#8221;https:\/\/ibercap.es\/wp-content\/uploads\/2025\/10\/euro.png&#8221; title_text=&#8221;euro&#8221; _builder_version=&#8221;4.27.4&#8243; _module_preset=&#8221;default&#8221; width=&#8221;15%&#8221; module_alignment=&#8221;center&#8221; global_colors_info=&#8221;{}&#8221;][\/et_pb_image][et_pb_text _builder_version=&#8221;4.27.4&#8243; _module_preset=&#8221;default&#8221; header_3_font=&#8221;|600|||||||&#8221; header_3_text_align=&#8221;center&#8221; header_3_text_color=&#8221;#E09900&#8243; custom_css_free_form=&#8221;selector h3{margin-bottom:30px};&#8221; global_colors_info=&#8221;{}&#8221;]<\/p>\n<h3>INFORMACI\u00d3N PARA CORREDORES QUE FINANCIAN PEQUE\u00d1AS EMPRESAS<\/h3>\n<p>[\/et_pb_text][\/et_pb_column][\/et_pb_row][et_pb_row column_structure=&#8221;1_4,1_4,1_4,1_4&#8243; _builder_version=&#8221;4.27.4&#8243; _module_preset=&#8221;default&#8221; global_colors_info=&#8221;{}&#8221;][et_pb_column type=&#8221;1_4&#8243; _builder_version=&#8221;4.27.4&#8243; _module_preset=&#8221;default&#8221; global_colors_info=&#8221;{}&#8221;][et_pb_blurb title=&#8221;Respuesta R\u00e1pida&#8221; use_icon=&#8221;on&#8221; font_icon=&#8221;&#xf48b;||fa||900&#8243; icon_color=&#8221;#E02B20&#8243; image_icon_background_color=&#8221;RGBA(255,255,255,0)&#8221; image_icon_width=&#8221;26px&#8221; _builder_version=&#8221;4.27.4&#8243; _module_preset=&#8221;default&#8221; header_font=&#8221;|600|||||||&#8221; header_text_color=&#8221;#E09900&#8243; text_orientation=&#8221;center&#8221; global_colors_info=&#8221;{}&#8221;]Despu\u00e9s de recibir una solicitud, generalmente se concede el financiamiento en un plazo de 24 a 48 horas. Solo tardamos unas horas en responderles a las empresas para hacerles una oferta o solicitarles m\u00e1s informaci\u00f3n.[\/et_pb_blurb][\/et_pb_column][et_pb_column type=&#8221;1_4&#8243; _builder_version=&#8221;4.27.4&#8243; _module_preset=&#8221;default&#8221; global_colors_info=&#8221;{}&#8221;][et_pb_blurb title=&#8221; Flexibilidad Incorporada&#8221; use_icon=&#8221;on&#8221; font_icon=&#8221;&#xf662;||fa||900&#8243; icon_color=&#8221;#E02B20&#8243; image_icon_background_color=&#8221;RGBA(255,255,255,0)&#8221; image_icon_width=&#8221;26px&#8221; _builder_version=&#8221;4.27.4&#8243; _module_preset=&#8221;default&#8221; header_font=&#8221;|600|||||||&#8221; header_text_color=&#8221;#E09900&#8243; text_orientation=&#8221;center&#8221; global_colors_info=&#8221;{}&#8221;]Nuestros esquemas de financiamiento est\u00e1n dise\u00f1ados para empresas con ventas promedio mensuales superiores a 5.000\u20ac. Invertimos bas\u00e1ndonos en un porcentaje de sus ingresos por ventas.[\/et_pb_blurb][\/et_pb_column][et_pb_column type=&#8221;1_4&#8243; _builder_version=&#8221;4.27.4&#8243; _module_preset=&#8221;default&#8221; global_colors_info=&#8221;{}&#8221;][et_pb_blurb title=&#8221;Sin Restricciones&#8221; use_icon=&#8221;on&#8221; font_icon=&#8221;&#xf058;||fa||400&#8243; icon_color=&#8221;#E02B20&#8243; image_icon_background_color=&#8221;RGBA(255,255,255,0)&#8221; image_icon_width=&#8221;26px&#8221; _builder_version=&#8221;4.27.4&#8243; _module_preset=&#8221;default&#8221; header_font=&#8221;|600|||||||&#8221; header_text_color=&#8221;#E09900&#8243; text_orientation=&#8221;center&#8221; global_colors_info=&#8221;{}&#8221;]Los fondos se proporcionan para llevar a cabo cualquier prop\u00f3sito empresarial, sin restricciones de uso. Tambi\u00e9n somos capaces de ofrecer financiamientos con pocas restricciones seg\u00fan el tipo de industria.[\/et_pb_blurb][\/et_pb_column][et_pb_column type=&#8221;1_4&#8243; _builder_version=&#8221;4.27.4&#8243; _module_preset=&#8221;default&#8221; global_colors_info=&#8221;{}&#8221;][et_pb_blurb title=&#8221;Colaborativo&#8221; use_icon=&#8221;on&#8221; font_icon=&#8221;&#xf2b5;||fa||900&#8243; icon_color=&#8221;#E02B20&#8243; image_icon_background_color=&#8221;RGBA(255,255,255,0)&#8221; image_icon_width=&#8221;26px&#8221; _builder_version=&#8221;4.27.4&#8243; _module_preset=&#8221;default&#8221; header_font=&#8221;|600|||||||&#8221; header_text_color=&#8221;#E09900&#8243; text_orientation=&#8221;center&#8221; global_colors_info=&#8221;{}&#8221;]Consideramos a nuestros socios como una extensi\u00f3n de nuestro equipo interno. Creemos en las relaciones a largo plazo y proporcionamos a todos los socios un especialista en financiamiento dedicado.[\/et_pb_blurb][\/et_pb_column][\/et_pb_row][\/et_pb_section][et_pb_section fb_built=&#8221;1&#8243; _builder_version=&#8221;4.27.4&#8243; _module_preset=&#8221;default&#8221; custom_padding=&#8221;0px|||||&#8221; global_colors_info=&#8221;{}&#8221;][et_pb_row _builder_version=&#8221;4.27.4&#8243; _module_preset=&#8221;default&#8221; global_colors_info=&#8221;{}&#8221;][et_pb_column type=&#8221;4_4&#8243; _builder_version=&#8221;4.27.4&#8243; _module_preset=&#8221;default&#8221; global_colors_info=&#8221;{}&#8221;][et_pb_divider color=&#8221;#E02B20&#8243; _builder_version=&#8221;4.27.4&#8243; _module_preset=&#8221;default&#8221; global_colors_info=&#8221;{}&#8221;][\/et_pb_divider][\/et_pb_column][\/et_pb_row][et_pb_row column_structure=&#8221;2_5,3_5&#8243; _builder_version=&#8221;4.27.4&#8243; _module_preset=&#8221;default&#8221; global_colors_info=&#8221;{}&#8221;][et_pb_column type=&#8221;2_5&#8243; _builder_version=&#8221;4.27.4&#8243; _module_preset=&#8221;default&#8221; global_colors_info=&#8221;{}&#8221;][et_pb_text _builder_version=&#8221;4.27.4&#8243; _module_preset=&#8221;default&#8221; header_3_font=&#8221;|600|||||||&#8221; header_3_text_align=&#8221;right&#8221; header_3_text_color=&#8221;#E09900&#8243; custom_css_free_form=&#8221;selector h3{margin-bottom:30px};&#8221; global_colors_info=&#8221;{}&#8221;]<\/p>\n<div class=\"elementor-column elementor-col-50 elementor-inner-column elementor-element elementor-element-fb6b0a5\" data-id=\"fb6b0a5\" data-element_type=\"column\">\n<div class=\"elementor-widget-wrap elementor-element-populated\">\n<div class=\"elementor-element elementor-element-7642d5f elementor-widget elementor-widget-text-editor\" data-id=\"7642d5f\" data-element_type=\"widget\" data-widget_type=\"text-editor.default\">\n<div class=\"elementor-widget-container\">\n<h3><strong>\u00bfC\u00d3MO FUNCIONA?<\/strong><\/h3>\n<\/div>\n<\/div>\n<\/div>\n<\/div>\n<p>[\/et_pb_text][\/et_pb_column][et_pb_column type=&#8221;3_5&#8243; _builder_version=&#8221;4.27.4&#8243; _module_preset=&#8221;default&#8221; global_colors_info=&#8221;{}&#8221;][et_pb_text _builder_version=&#8221;4.27.4&#8243; _module_preset=&#8221;default&#8221; custom_css_free_form=&#8221;selector h3{margin-bottom:30px};&#8221; global_colors_info=&#8221;{}&#8221;]<\/p>\n<p><span>Determinamos una cantidad inicial de financiamiento para nuestra inversi\u00f3n dependiendo de la rentabilidad y el flujo de caja de un negocio. Nuestra tarifa, junto con nuestra cantidad inicial de financiamiento, es nuestro rendimiento total de la inversi\u00f3n (ROI). A diferencia de los proveedores tradicionales de financiamiento, nuestras inversiones basadas en regal\u00edas no requieren que las empresas intercambien participaciones a cambio de financiamiento.<\/span><\/p>\n<p>[\/et_pb_text][\/et_pb_column][\/et_pb_row][et_pb_row column_structure=&#8221;1_2,1_2&#8243; _builder_version=&#8221;4.27.4&#8243; _module_preset=&#8221;default&#8221; global_colors_info=&#8221;{}&#8221;][et_pb_column type=&#8221;1_2&#8243; _builder_version=&#8221;4.27.4&#8243; _module_preset=&#8221;default&#8221; global_colors_info=&#8221;{}&#8221;][et_pb_blurb image=&#8221;https:\/\/ibercap.es\/wp-content\/uploads\/2025\/10\/Hasta-100.000E-Solicita-Financiamiento-Para-Tu-Negocio.png&#8221; image_icon_width=&#8221;50%&#8221; _builder_version=&#8221;4.27.4&#8243; _module_preset=&#8221;default&#8221; header_level=&#8221;h3&#8243; header_font=&#8221;|600|||||||&#8221; header_text_align=&#8221;center&#8221; header_text_color=&#8221;#E09900&#8243; body_text_align=&#8221;center&#8221; global_colors_info=&#8221;{}&#8221;]Dependiendo de los ingresos por ventas, podemos ofrecerle a un negocio hasta 100.000\u20ac en financiamiento.[\/et_pb_blurb][et_pb_blurb image=&#8221;https:\/\/ibercap.es\/wp-content\/uploads\/2025\/10\/3-a-12-meses-Solicita-Financiamiento-Para-Tu-Negocio-1.png&#8221; image_icon_width=&#8221;50%&#8221; _builder_version=&#8221;4.27.4&#8243; _module_preset=&#8221;default&#8221; header_level=&#8221;h3&#8243; header_font=&#8221;|600|||||||&#8221; header_text_align=&#8221;center&#8221; header_text_color=&#8221;#E09900&#8243; body_text_align=&#8221;center&#8221; global_colors_info=&#8221;{}&#8221;]Los t\u00e9rminos de financiamiento normalmente var\u00edan de 3 a 12 meses, dependiendo de las necesidades espec\u00edficas del negocio.[\/et_pb_blurb][\/et_pb_column][et_pb_column type=&#8221;1_2&#8243; _builder_version=&#8221;4.27.4&#8243; _module_preset=&#8221;default&#8221; global_colors_info=&#8221;{}&#8221;][et_pb_blurb image=&#8221;https:\/\/ibercap.es\/wp-content\/uploads\/2025\/10\/Personalizados-Solicita-Financiamiento-Para-Tu-Negocio-1.png&#8221; image_icon_width=&#8221;50%&#8221; _builder_version=&#8221;4.27.4&#8243; _module_preset=&#8221;default&#8221; header_level=&#8221;h3&#8243; header_font=&#8221;|600|||||||&#8221; header_text_align=&#8221;center&#8221; header_text_color=&#8221;#E09900&#8243; body_text_align=&#8221;center&#8221; global_colors_info=&#8221;{}&#8221;]Invertimos en tu empresa a cambio de un porcentaje de las ventas brutas del negocio (generalmente, la retenci\u00f3n es entre el 7 al 18 %).[\/et_pb_blurb][et_pb_blurb image=&#8221;https:\/\/ibercap.es\/wp-content\/uploads\/2025\/10\/Pago-Personalizados-Solicita-Financiamiento-Para-Tu-Negocio-2.png&#8221; image_icon_width=&#8221;50%&#8221; _builder_version=&#8221;4.27.4&#8243; _module_preset=&#8221;default&#8221; header_level=&#8221;h3&#8243; header_font=&#8221;|600|||||||&#8221; header_text_align=&#8221;center&#8221; header_text_color=&#8221;#E09900&#8243; body_text_align=&#8221;center&#8221; global_colors_info=&#8221;{}&#8221;]Ofrecemos un descuento del saldo restante a los comerciantes que deseen liquidar totalmente su saldo antes de lo programado.[\/et_pb_blurb][\/et_pb_column][\/et_pb_row][\/et_pb_section][et_pb_section fb_built=&#8221;1&#8243; _builder_version=&#8221;4.27.4&#8243; _module_preset=&#8221;default&#8221; custom_padding=&#8221;1px|||||&#8221; global_colors_info=&#8221;{}&#8221;][et_pb_row _builder_version=&#8221;4.27.4&#8243; _module_preset=&#8221;default&#8221; global_colors_info=&#8221;{}&#8221;][et_pb_column type=&#8221;4_4&#8243; _builder_version=&#8221;4.27.4&#8243; _module_preset=&#8221;default&#8221; global_colors_info=&#8221;{}&#8221;][et_pb_divider color=&#8221;#E02B20&#8243; _builder_version=&#8221;4.27.4&#8243; _module_preset=&#8221;default&#8221; global_colors_info=&#8221;{}&#8221;][\/et_pb_divider][et_pb_text _builder_version=&#8221;4.27.4&#8243; _module_preset=&#8221;default&#8221; header_3_font=&#8221;|600|||||||&#8221; header_3_text_align=&#8221;center&#8221; header_3_text_color=&#8221;#E09900&#8243; text_orientation=&#8221;center&#8221; custom_css_free_form=&#8221;selector h3 {margin-bottom:30px}&#8221; global_colors_info=&#8221;{}&#8221;]<\/p>\n<div class=\"elementor-element elementor-element-53111f3 elementor-hidden-mobile elementor-widget elementor-widget-text-editor\" data-id=\"53111f3\" data-element_type=\"widget\" data-widget_type=\"text-editor.default\">\n<div class=\"elementor-widget-container\">\n<h3>\u00bfQU\u00c9 SON LAS INVERSIONES BASADAS EN REGAL\u00cdAS?<\/h3>\n<\/div>\n<\/div>\n<div class=\"elementor-element elementor-element-134d73d elementor-widget elementor-widget-text-editor\" data-id=\"134d73d\" data-element_type=\"widget\" data-widget_type=\"text-editor.default\">\n<div class=\"elementor-widget-container\">\n<p>Las inversiones basadas en regal\u00edas consisten en la concesi\u00f3n de fondos a una empresa a cambio del pago de regal\u00edas. Estos pagos est\u00e1n vinculados a los ingresos por ventas, lo cual proporciona una manera equitativa y sostenible para que las peque\u00f1as empresas puedan acceder a fondos r\u00e1pidamente cuando m\u00e1s los necesitan.<\/p>\n<p>Este tipo de financiamiento les proporciona seguridad a los propietarios de negocios y les devuelve el control. El reembolso de la inversi\u00f3n es transparente y flexible, sin cargos ocultos ni intereses compuestos durante el per\u00edodo de vigencia del acuerdo.<\/p>\n<p>Mientras que muchos proveedores de financiamiento imponen cargos adicionales por saldar sus cuentas antes de lo programado, con Ibercap las empresas suelen ser elegibles para realizar reembolsos anticipados a una tasa reducida.<\/p>\n<\/div>\n<\/div>\n<div class=\"elementor-element elementor-element-65f09ef elementor-widget-divider--view-line_icon elementor-view-default elementor-widget-divider--element-align-center elementor-widget elementor-widget-divider\" data-id=\"65f09ef\" data-element_type=\"widget\" data-widget_type=\"divider.default\">\n<div class=\"elementor-widget-container\">\n<div class=\"elementor-divider\">\n<div class=\"elementor-icon elementor-divider__element\"><\/div>\n<\/div>\n<\/div>\n<\/div>\n<p>&nbsp;<\/p>\n<p>[\/et_pb_text][et_pb_divider color=&#8221;#E02B20&#8243; _builder_version=&#8221;4.27.4&#8243; _module_preset=&#8221;default&#8221; global_colors_info=&#8221;{}&#8221;][\/et_pb_divider][et_pb_text _builder_version=&#8221;4.27.4&#8243; _module_preset=&#8221;default&#8221; header_3_font=&#8221;|600|||||||&#8221; header_3_text_align=&#8221;center&#8221; header_3_text_color=&#8221;#E09900&#8243; text_orientation=&#8221;center&#8221; custom_css_free_form=&#8221;selector h3{margin-bottom:30px};&#8221; global_colors_info=&#8221;{}&#8221;]<\/p>\n<h3>INFORMACI\u00d3N ADICIONAL PARA CORREDORES E INTERMEDIARIOS<\/h3>\n<p>En nuestro proceso de suscripci\u00f3n, examinamos el negocio del solicitante con una mentalidad que nos permite encontrar todas las buenas razones para aprobar la inversi\u00f3n de capital. A menudo, somos capaces de invertir en empresas que, de otro modo, no obtendr\u00edan financiamiento de proveedores tradicionales.<\/p>\n<p>Esto significa que sus clientes tienen una mejor oportunidad de recibir una inversi\u00f3n de capital r\u00e1pidamente y cuando m\u00e1s la necesitan.<\/p>\n<p>Ofrecemos comisiones de intercambio tanto para nuevos negocios como para renovaciones.<\/p>\n<p>Nos enorgullece ser eficientes y extremadamente r\u00e1pidos, pues el financiamiento normalmente es concedido dentro de las 24 horas despu\u00e9s de recibir la documentaci\u00f3n.<\/p>\n<p>Contamos con un equipo dedicado para recibir aplicaciones ISO y trabajamos directamente con los clientes<\/p>\n<p>Este tipo de financiamiento les proporciona seguridad a los propietarios de negocios y les devuelve el control. El reembolso de la inversi\u00f3n es transparente y flexible, sin cargos ocultos ni intereses compuestos durante el per\u00edodo de vigencia del acuerdo.<\/p>\n<p>Mientras que muchos proveedores de financiamiento imponen cargos adicionales por saldar sus cuentas antes de lo programado, con Ibercap las empresas suelen ser elegibles para realizar reembolsos anticipados a una tasa reducida.<\/p>\n<\/div>\n<\/div>\n<div class=\"elementor-element elementor-element-65f09ef elementor-widget-divider--view-line_icon elementor-view-default elementor-widget-divider--element-align-center elementor-widget elementor-widget-divider\" data-id=\"65f09ef\" data-element_type=\"widget\" data-widget_type=\"divider.default\">\n<div class=\"elementor-widget-container\">\n<div class=\"elementor-divider\">\n<div class=\"elementor-icon elementor-divider__element\"><\/div>\n<\/div>\n<\/div>\n<\/div>\n<p>&nbsp;[\/et_pb_text][\/et_pb_column][\/et_pb_row][\/et_pb_section][et_pb_section fb_built=&#8221;1&#8243; _builder_version=&#8221;4.27.4&#8243; _module_preset=&#8221;default&#8221; background_color=&#8221;#e0e0e0&#8243; border_width_top=&#8221;1px&#8221; border_color_top=&#8221;#E02B20&#8243; global_colors_info=&#8221;{}&#8221;][et_pb_row _builder_version=&#8221;4.27.4&#8243; _module_preset=&#8221;default&#8221; global_colors_info=&#8221;{}&#8221;][et_pb_column type=&#8221;4_4&#8243; _builder_version=&#8221;4.27.4&#8243; _module_preset=&#8221;default&#8221; global_colors_info=&#8221;{}&#8221;][et_pb_code _builder_version=&#8221;4.27.4&#8243; _module_preset=&#8221;default&#8221; hover_enabled=&#8221;0&#8243; global_colors_info=&#8221;{}&#8221; sticky_enabled=&#8221;0&#8243;]\n<div class=\"wpcf7 no-js\" id=\"wpcf7-f217-o1\" lang=\"en-GB\" dir=\"ltr\" data-wpcf7-id=\"217\">\n<div class=\"screen-reader-response\"><p role=\"status\" aria-live=\"polite\" aria-atomic=\"true\"><\/p> <ul><\/ul><\/div>\n<form action=\"\/index.php\/wp-json\/wp\/v2\/pages\/95#wpcf7-f217-o1\" method=\"post\" class=\"wpcf7-form init\" aria-label=\"Contact form\" novalidate=\"novalidate\" data-status=\"init\">\n<fieldset class=\"hidden-fields-container\"><input type=\"hidden\" name=\"_wpcf7\" value=\"217\" \/><input type=\"hidden\" name=\"_wpcf7_version\" value=\"6.1.4\" \/><input type=\"hidden\" name=\"_wpcf7_locale\" value=\"en_GB\" \/><input type=\"hidden\" name=\"_wpcf7_unit_tag\" value=\"wpcf7-f217-o1\" \/><input type=\"hidden\" name=\"_wpcf7_container_post\" value=\"0\" \/><input type=\"hidden\" name=\"_wpcf7_posted_data_hash\" value=\"\" \/>\n<\/fieldset>\n<!-- Form 2 Markup -->\n<div class=\"partner-financing-form\">\n\t<h2 class=\"form-title\">FINANCIA A TUS CLIENTES R\u00c1PIDAMENTE CON IBERCAP\n\t<\/h2>\n\t<div class=\"form-row\">\n\t\t<div class=\"form-column\">\n\t\t\t<p><label>Nombre<\/label><br \/>\n<span class=\"wpcf7-form-control-wrap\" data-name=\"partner-name\"><input size=\"40\" class=\"wpcf7-form-control wpcf7-text wpcf7-validates-as-required\" aria-required=\"true\" aria-invalid=\"false\" type=\"text\" name=\"partner-name\" \/><\/span>\n\t\t\t<\/p>\n\t\t<\/div>\n\t\t<div class=\"form-column\">\n\t\t\t<p><label>Apellidos<\/label><br \/>\n<span class=\"wpcf7-form-control-wrap\" data-name=\"partner-lastname\"><input size=\"40\" class=\"wpcf7-form-control wpcf7-text wpcf7-validates-as-required\" aria-required=\"true\" aria-invalid=\"false\" type=\"text\" name=\"partner-lastname\" \/><\/span>\n\t\t\t<\/p>\n\t\t<\/div>\n\t<\/div>\n\t<div class=\"full-width-field\">\n\t\t<p><label>Nombre de la Empresa<\/label><br \/>\n<span class=\"wpcf7-form-control-wrap\" data-name=\"partner-company\"><input size=\"40\" class=\"wpcf7-form-control wpcf7-text wpcf7-validates-as-required\" aria-required=\"true\" aria-invalid=\"false\" type=\"text\" name=\"partner-company\" \/><\/span>\n\t\t<\/p>\n\t<\/div>\n\t<div class=\"full-width-field\">\n\t\t<p><label>Domicilio Social<\/label><br \/>\n<span class=\"wpcf7-form-control-wrap\" data-name=\"partner-address\"><input size=\"40\" class=\"wpcf7-form-control wpcf7-text wpcf7-validates-as-required\" aria-required=\"true\" aria-invalid=\"false\" placeholder=\"N\u00famero\/nombre del edificio y calle\" type=\"text\" name=\"partner-address\" \/><\/span>\n\t\t<\/p>\n\t<\/div>\n\t<div class=\"form-row\">\n\t\t<div class=\"form-column\">\n\t\t\t<p><label>Ciudad<\/label><br \/>\n<span class=\"wpcf7-form-control-wrap\" data-name=\"partner-city\"><input size=\"40\" class=\"wpcf7-form-control wpcf7-text wpcf7-validates-as-required\" aria-required=\"true\" aria-invalid=\"false\" type=\"text\" name=\"partner-city\" \/><\/span>\n\t\t\t<\/p>\n\t\t<\/div>\n\t\t<div class=\"form-column\">\n\t\t\t<p><label>C\u00f3digo Postal<\/label><br \/>\n<span class=\"wpcf7-form-control-wrap\" data-name=\"partner-zip\"><input size=\"40\" class=\"wpcf7-form-control wpcf7-text wpcf7-validates-as-required\" aria-required=\"true\" aria-invalid=\"false\" type=\"text\" name=\"partner-zip\" \/><\/span>\n\t\t\t<\/p>\n\t\t<\/div>\n\t<\/div>\n\t<div class=\"form-row\">\n\t\t<div class=\"form-column\">\n\t\t\t<p><label>Correo Electr\u00f3nico<\/label><br \/>\n<span class=\"wpcf7-form-control-wrap\" data-name=\"partner-email\"><input size=\"40\" class=\"wpcf7-form-control wpcf7-text wpcf7-email wpcf7-validates-as-required wpcf7-validates-as-email\" aria-required=\"true\" aria-invalid=\"false\" type=\"email\" name=\"partner-email\" \/><\/span>\n\t\t\t<\/p>\n\t\t<\/div>\n\t\t<div class=\"form-column\">\n\t\t\t<p><label>Tel\u00e9fono<\/label><br \/>\n<span class=\"wpcf7-form-control-wrap\" data-name=\"partner-phone\"><input size=\"40\" class=\"wpcf7-form-control wpcf7-text wpcf7-tel wpcf7-validates-as-required wpcf7-validates-as-tel\" aria-required=\"true\" aria-invalid=\"false\" type=\"tel\" name=\"partner-phone\" \/><\/span>\n\t\t\t<\/p>\n\t\t<\/div>\n\t<\/div>\n\t<div class=\"full-width-field\">\n\t\t<p><label>Mensaje<\/label><br \/>\n<span class=\"wpcf7-form-control-wrap\" data-name=\"partner-message\"><textarea cols=\"40\" rows=\"10\" class=\"wpcf7-form-control wpcf7-textarea\" aria-invalid=\"false\" placeholder=\"Por favor, le agradecer\u00edamos que nos proporcionara informaci\u00f3n sobre su empresa y el tipo de negocios en Espa\u00f1a a los que facilita financiaci\u00f3n.\" name=\"partner-message\"><\/textarea><\/span>\n\t\t<\/p>\n\t<\/div>\n\t<div class=\"submit-button-wrapper\">\n\t\t<p><input class=\"wpcf7-form-control has-spinner wpcf7-submit\" type=\"submit\" value=\"ENVIAR\" \/>\n\t\t<\/p>\n\t<\/div>\n<\/div><div class=\"wpcf7-response-output\" aria-hidden=\"true\"><\/div>\n<\/form>\n<\/div>\n[\/et_pb_code][et_pb_code _builder_version=&#8221;4.27.4&#8243; _module_preset=&#8221;default&#8221; global_colors_info=&#8221;{}&#8221;]<script><!-- [et_pb_line_break_holder] -->(function($) {<!-- [et_pb_line_break_holder] -->    \/\/ Wait for the entire window to load<!-- [et_pb_line_break_holder] -->    $(window).on('load', function() {<!-- [et_pb_line_break_holder] -->        \/\/ Add a 500 millisecond delay to ensure Divi modules are ready<!-- [et_pb_line_break_holder] -->        setTimeout(function() {<!-- [et_pb_line_break_holder] -->            \/\/ Find the input field using a more specific selector<!-- [et_pb_line_break_holder] -->            var salesInput = $('input#avg-month-sales');<!-- [et_pb_line_break_holder] --><!-- [et_pb_line_break_holder] -->            \/\/ If the field is found, apply the attributes<!-- [et_pb_line_break_holder] -->            if(salesInput.length > 0) {<!-- [et_pb_line_break_holder] -->                salesInput.attr({<!-- [et_pb_line_break_holder] -->                    'type': 'number',<!-- [et_pb_line_break_holder] -->                    'min': '5000',<!-- [et_pb_line_break_holder] -->                    'max': '500000',<!-- [et_pb_line_break_holder] -->                    'step': '500',<!-- [et_pb_line_break_holder] -->                    'value': '5000'<!-- [et_pb_line_break_holder] -->                });<!-- [et_pb_line_break_holder] -->            }<!-- [et_pb_line_break_holder] -->        }, 500); <!-- [et_pb_line_break_holder] -->    });<!-- [et_pb_line_break_holder] -->})(jQuery);<!-- [et_pb_line_break_holder] --><\/script>[\/et_pb_code][\/et_pb_column][\/et_pb_row][\/et_pb_section]<\/p>\n","protected":false},"excerpt":{"rendered":"<p>LOS CORREDORES FINANCIAN A LOS CLIENTES &nbsp;INFORMACI\u00d3N PARA CORREDORES QUE FINANCIAN PEQUE\u00d1AS EMPRESASDespu\u00e9s de recibir una solicitud, generalmente se concede el financiamiento en un plazo de 24 a 48 horas. Solo tardamos unas horas en responderles a las empresas para hacerles una oferta o solicitarles m\u00e1s informaci\u00f3n.Nuestros esquemas de financiamiento est\u00e1n dise\u00f1ados para empresas con [&hellip;]<\/p>\n","protected":false},"author":1,"featured_media":0,"parent":0,"menu_order":0,"comment_status":"closed","ping_status":"closed","template":"","meta":{"_et_pb_use_builder":"on","_et_pb_old_content":"","_et_gb_content_width":"","inline_featured_image":false,"footnotes":""},"class_list":["post-95","page","type-page","status-publish","hentry"],"_links":{"self":[{"href":"https:\/\/ibercap.es\/index.php\/wp-json\/wp\/v2\/pages\/95","targetHints":{"allow":["GET"]}}],"collection":[{"href":"https:\/\/ibercap.es\/index.php\/wp-json\/wp\/v2\/pages"}],"about":[{"href":"https:\/\/ibercap.es\/index.php\/wp-json\/wp\/v2\/types\/page"}],"author":[{"embeddable":true,"href":"https:\/\/ibercap.es\/index.php\/wp-json\/wp\/v2\/users\/1"}],"replies":[{"embeddable":true,"href":"https:\/\/ibercap.es\/index.php\/wp-json\/wp\/v2\/comments?post=95"}],"version-history":[{"count":15,"href":"https:\/\/ibercap.es\/index.php\/wp-json\/wp\/v2\/pages\/95\/revisions"}],"predecessor-version":[{"id":219,"href":"https:\/\/ibercap.es\/index.php\/wp-json\/wp\/v2\/pages\/95\/revisions\/219"}],"wp:attachment":[{"href":"https:\/\/ibercap.es\/index.php\/wp-json\/wp\/v2\/media?parent=95"}],"curies":[{"name":"wp","href":"https:\/\/api.w.org\/{rel}","templated":true}]}}