{"id":86,"date":"2025-10-07T12:21:49","date_gmt":"2025-10-07T12:21:49","guid":{"rendered":"https:\/\/ibercap.es\/?page_id=86"},"modified":"2025-10-07T21:31:52","modified_gmt":"2025-10-07T21:31:52","slug":"sobre-nosotros","status":"publish","type":"page","link":"https:\/\/ibercap.es\/index.php\/sobre-nosotros\/","title":{"rendered":"Sobre Nosotros"},"content":{"rendered":"<p>[et_pb_section fb_built=&#8221;1&#8243; fullwidth=&#8221;on&#8221; _builder_version=&#8221;4.27.4&#8243; _module_preset=&#8221;default&#8221; global_colors_info=&#8221;{}&#8221;][et_pb_fullwidth_slider _builder_version=&#8221;4.27.4&#8243; _module_preset=&#8221;default&#8221; custom_button=&#8221;on&#8221; button_text_color=&#8221;#000000&#8243; button_bg_color=&#8221;#E09900&#8243; button_border_width=&#8221;0px&#8221; button_border_radius=&#8221;50px&#8221; button_font=&#8221;|600|||||||&#8221; button_use_icon=&#8221;off&#8221; button_alignment=&#8221;center&#8221; hover_transition_delay=&#8221;50ms&#8221; hover_enabled=&#8221;0&#8243; button_text_color_tablet=&#8221;#000000&#8243; button_text_color_phone=&#8221;#000000&#8243; button_text_color_last_edited=&#8221;on|desktop&#8221; global_colors_info=&#8221;{}&#8221; button_text_color__hover_enabled=&#8221;on|hover&#8221; button_bg_color__hover_enabled=&#8221;on|desktop&#8221; button_bg_color__hover=&#8221;#E02B20&#8243; button_bg_enable_color__hover=&#8221;on&#8221; button_text_color__hover=&#8221;#FFFFFF&#8221; sticky_enabled=&#8221;0&#8243;][et_pb_slide heading=&#8221;ACCESO A FINANCIAMIENTO EMPRESARIAL SIN NECESIDAD DE GARANT\u00cdAS&#8221; button_text=&#8221;Todo lo que Necesitas Saber Sobre el Financiamiento Empresarial&#8221; use_text_overlay=&#8221;off&#8221; _builder_version=&#8221;4.27.4&#8243; _module_preset=&#8221;default&#8221; header_font=&#8221;|700|||||||&#8221; header_text_align=&#8221;center&#8221; header_text_color=&#8221;#E09900&#8243; header_font_size=&#8221;28px&#8221; body_font=&#8221;||||||||&#8221; body_text_align=&#8221;center&#8221; background_color=&#8221;rgba(0,0,0,0.78)&#8221; background_enable_color=&#8221;on&#8221; background_enable_image=&#8221;off&#8221; hover_enabled=&#8221;0&#8243; custom_css_slide_title=&#8221;margin-bottom:10px;&#8221; global_colors_info=&#8221;{}&#8221; sticky_transition=&#8221;on&#8221; button_link=&#8221;https:\/\/ibercap.es\/index.php\/financiamiento-empresarial-de-Ibercap\/&#8221; sticky_enabled=&#8221;0&#8243;]<\/p>\n<p><span>Ibercap puede ayudar a tu negocio proporcion\u00e1ndole capital de trabajo de forma r\u00e1pida y efectiva &#8211; obt\u00e9n hoy mismo financiamiento empresarial sin necesidad de una garant\u00eda. No requerimos ninguna garant\u00eda personal o colateral de tu parte. Aplica en l\u00ednea o ll\u00e1manos para analizar tus necesidades.<\/span><\/p>\n<p>[\/et_pb_slide][\/et_pb_fullwidth_slider][\/et_pb_section]<\/p>\n","protected":false},"excerpt":{"rendered":"<p>Ibercap puede ayudar a tu negocio proporcion\u00e1ndole capital de trabajo de forma r\u00e1pida y efectiva &#8211; obt\u00e9n hoy mismo financiamiento empresarial sin necesidad de una garant\u00eda. No requerimos ninguna garant\u00eda personal o colateral de tu parte. Aplica en l\u00ednea o ll\u00e1manos para analizar tus necesidades.<\/p>\n","protected":false},"author":1,"featured_media":0,"parent":0,"menu_order":0,"comment_status":"closed","ping_status":"closed","template":"","meta":{"_et_pb_use_builder":"on","_et_pb_old_content":"","_et_gb_content_width":"","inline_featured_image":false,"footnotes":""},"class_list":["post-86","page","type-page","status-publish","hentry"],"_links":{"self":[{"href":"https:\/\/ibercap.es\/index.php\/wp-json\/wp\/v2\/pages\/86","targetHints":{"allow":["GET"]}}],"collection":[{"href":"https:\/\/ibercap.es\/index.php\/wp-json\/wp\/v2\/pages"}],"about":[{"href":"https:\/\/ibercap.es\/index.php\/wp-json\/wp\/v2\/types\/page"}],"author":[{"embeddable":true,"href":"https:\/\/ibercap.es\/index.php\/wp-json\/wp\/v2\/users\/1"}],"replies":[{"embeddable":true,"href":"https:\/\/ibercap.es\/index.php\/wp-json\/wp\/v2\/comments?post=86"}],"version-history":[{"count":9,"href":"https:\/\/ibercap.es\/index.php\/wp-json\/wp\/v2\/pages\/86\/revisions"}],"predecessor-version":[{"id":154,"href":"https:\/\/ibercap.es\/index.php\/wp-json\/wp\/v2\/pages\/86\/revisions\/154"}],"wp:attachment":[{"href":"https:\/\/ibercap.es\/index.php\/wp-json\/wp\/v2\/media?parent=86"}],"curies":[{"name":"wp","href":"https:\/\/api.w.org\/{rel}","templated":true}]}}