{"id":318,"date":"2025-10-08T20:30:04","date_gmt":"2025-10-08T20:30:04","guid":{"rendered":"https:\/\/ibercap.es\/?page_id=318"},"modified":"2025-10-08T21:56:08","modified_gmt":"2025-10-08T21:56:08","slug":"los-mejores-prestamistas-alternativos-para-empresas-espanolas","status":"publish","type":"page","link":"https:\/\/ibercap.es\/index.php\/los-mejores-prestamistas-alternativos-para-empresas-espanolas\/","title":{"rendered":"Los Mejores Prestamistas Alternativos para Empresas Espa\u00f1olas"},"content":{"rendered":"<p>[et_pb_section fb_built=&#8221;1&#8243; _builder_version=&#8221;4.27.4&#8243; _module_preset=&#8221;default&#8221; background_color=&#8221;#0c0c0c&#8221; global_colors_info=&#8221;{}&#8221;][et_pb_row _builder_version=&#8221;4.27.4&#8243; _module_preset=&#8221;default&#8221; width=&#8221;40%&#8221; width_tablet=&#8221;80%&#8221; width_phone=&#8221;80%&#8221; width_last_edited=&#8221;on|desktop&#8221; module_alignment=&#8221;center&#8221; custom_margin=&#8221;60px||||false|false&#8221; custom_margin_tablet=&#8221;60px||||false|false&#8221; custom_margin_phone=&#8221;60px||||false|false&#8221; custom_margin_last_edited=&#8221;on|phone&#8221; custom_css_free_form=&#8221;selector h1{margin-bottom:60px}||selector h3{margin-bottom:30px}||selector h3{margin-top:30px}&#8221; global_colors_info=&#8221;{}&#8221;][et_pb_column type=&#8221;4_4&#8243; _builder_version=&#8221;4.27.4&#8243; _module_preset=&#8221;default&#8221; global_colors_info=&#8221;{}&#8221;][et_pb_text _builder_version=&#8221;4.27.4&#8243; _module_preset=&#8221;default&#8221; text_text_color=&#8221;#FFFFFF&#8221; header_text_color=&#8221;#E09900&#8243; header_3_font=&#8221;|600|||||||&#8221; header_3_text_color=&#8221;#E09900&#8243; text_orientation=&#8221;center&#8221; global_colors_info=&#8221;{}&#8221;]<\/p>\n<div class=\"ibercap-content\">\n<h1>Apoyo Empresarial con Ibercap<\/h1>\n<p class=\"intro\">\n        Si buscas financiaci\u00f3n para tu negocio, hay varios factores que debes tener en cuenta al evaluar si ciertos productos son adecuados para las necesidades de tu empresa. Antes de solicitar financiaci\u00f3n, deber\u00edas preguntarte:\n    <\/p>\n<div class=\"sections\">\n<h3>\u00bfCu\u00e1nto dinero necesita tu empresa?<\/h3>\n<p>\n            Si buscas financiaci\u00f3n para tu negocio, es fundamental encontrar un prestamista alternativo como <strong>Ibercap<\/strong>, que ofrezca el nivel de financiaci\u00f3n que las pymes suelen requerir para cubrir d\u00e9ficits de flujo de caja.\n        <\/p>\n<h3>\u00bfCu\u00e1les son los t\u00e9rminos de pago del monto financiado?<\/h3>\n<p class=\"terms-intro\">\n            Aseg\u00farate de encontrar un prestamista que comprenda los requisitos de flujo de caja de tu negocio. Muchos prestamistas alternativos ofrecen productos de financiaci\u00f3n a largo plazo que implican pagos durante varios a\u00f1os. Adem\u00e1s, la mayor\u00eda de ellos requieren grandes pagos mensuales para cubrir el monto financiado.\n        <\/p>\n<p>\n            Si tus necesidades de flujo de caja son relativamente a corto plazo, deber\u00edas considerar un prestamista como <strong>Ibercap<\/strong>, que ofrece t\u00e9rminos de pago inferiores a 12 meses. Adem\u00e1s, un prestamista que est\u00e9 dispuesto a aceptar pagos diarios o semanales, podr\u00eda ser una excelente opci\u00f3n para tu peque\u00f1a empresa.\n        <\/p>\n<h3>\u00bfCu\u00e1les son las tarifas y las tasas de inter\u00e9s?<\/h3>\n<p>\n            Adem\u00e1s del monto financiado, muchos otros prestamistas incluyen tarifas adicionales y costos ocultos. Si buscas financiaci\u00f3n para tu negocio, busca un prestamista como <strong>Ibercap<\/strong> que sea transparente sobre los pagos esperados antes de firmar un contrato.\n        <\/p>\n<h3>\u00bfDebo proporcionar una garant\u00eda personal?<\/h3>\n<p>\n            No todos los productos de financiaci\u00f3n empresarial requieren responsabilidades personales. Si no est\u00e1s dispuesto a poner en riesgo tus bienes personales, deber\u00edas buscar un prestamista como <strong>Ibercap<\/strong>, que ofrezca \u2018financiaci\u00f3n sin garant\u00eda\u2019. La financiaci\u00f3n sin garant\u00eda significa que la responsabilidad de la financiaci\u00f3n recae sobre tu empresa, en lugar de sobre tus bienes personales.\n        <\/p>\n<h3>\u00bfCu\u00e1nto tiempo debe llevar operando mi empresa?<\/h3>\n<p>\n            Muchos prestamistas alternativos solo ofrecen productos financieros a empresas que llevan m\u00e1s de 2 a\u00f1os en funcionamiento. Si tu empresa tiene menos de 2 a\u00f1os, busca un prestamista como <strong>Ibercap<\/strong> que financie a empresas m\u00e1s j\u00f3venes.\n        <\/p>\n<h3>\u00bfHay penalizaciones por pago anticipado?<\/h3>\n<p>\n            Dependiendo del prestamista, podr\u00edas enfrentar penalizaciones por pagar tu saldo antes de tiempo. Para evitar problemas, busca un prestamista como <strong>Ibercap<\/strong> que no te penalice e incluso te ofrezca incentivos o descuentos por pagos anticipados.\n        <\/p>\n<h3>\u00bfCu\u00e1l es el proceso para renovar o extender la financiaci\u00f3n?<\/h3>\n<p>\n            Cuando busques financiaci\u00f3n, aseg\u00farate de encontrar un prestamista como <strong>Ibercap<\/strong>, que facilite la renovaci\u00f3n o extensi\u00f3n del monto financiado para futuras iniciativas de crecimiento empresarial.\n        <\/p>\n<\/p><\/div>\n<div class=\"highlight-box\">\n<p>\n            Las peque\u00f1as empresas pueden acceder a financiaci\u00f3n r\u00e1pida y sin garant\u00eda con <strong>Ibercap<\/strong>. Como prestamista alternativo, <strong>Ibercap<\/strong> ofrece soluciones de financiaci\u00f3n dise\u00f1adas espec\u00edficamente para satisfacer las necesidades de las pymes.\n        <\/p>\n<\/p><\/div>\n<\/div>\n<p>[\/et_pb_text][\/et_pb_column][\/et_pb_row][\/et_pb_section][et_pb_section fb_built=&#8221;1&#8243; _builder_version=&#8221;4.27.4&#8243; _module_preset=&#8221;default&#8221; custom_padding=&#8221;||0px|||&#8221; global_colors_info=&#8221;{}&#8221;][et_pb_row column_structure=&#8221;1_2,1_2&#8243; _builder_version=&#8221;4.27.4&#8243; _module_preset=&#8221;default&#8221; global_colors_info=&#8221;{}&#8221;][et_pb_column type=&#8221;1_2&#8243; _builder_version=&#8221;4.27.4&#8243; _module_preset=&#8221;default&#8221; global_colors_info=&#8221;{}&#8221;][et_pb_blurb title=&#8221;Planes de Pago Personalizados&#8221; image=&#8221;https:\/\/ibercap.es\/wp-content\/uploads\/2025\/10\/Pago-Personalizados-Solicita-Financiamiento-Para-Tu-Negocio-2.png&#8221; image_icon_width=&#8221;50%&#8221; _builder_version=&#8221;4.27.4&#8243; _module_preset=&#8221;default&#8221; header_level=&#8221;h3&#8243; header_font=&#8221;|600|||||||&#8221; header_text_align=&#8221;center&#8221; header_text_color=&#8221;#E09900&#8243; body_text_align=&#8221;center&#8221; global_colors_info=&#8221;{}&#8221;]<\/p>\n<p>Si ya no necesitas financiamiento, puedes ser elegible para devolver los fondos restantes a una tasa reducida, basada en las condiciones de tu saldo de inversi\u00f3n.<\/p>\n<p>[\/et_pb_blurb][et_pb_blurb title=&#8221;Sin Garant\u00edas Personales&#8221; image=&#8221;https:\/\/ibercap.es\/wp-content\/uploads\/2025\/10\/Personales-Solicita-Financiamiento-Para-Tu-Negocio.png&#8221; image_icon_width=&#8221;50%&#8221; _builder_version=&#8221;4.27.4&#8243; _module_preset=&#8221;default&#8221; header_level=&#8221;h3&#8243; header_font=&#8221;|600|||||||&#8221; header_text_align=&#8221;center&#8221; header_text_color=&#8221;#E09900&#8243; body_text_align=&#8221;center&#8221; global_colors_info=&#8221;{}&#8221;]<\/p>\n<p>Nuestras inversiones basadas en regal\u00edas se realizan a cambio de una parte de tus ingresos por ventas en curso. No requerimos garant\u00edas personales para que puedas calificar al financiamiento de tu empresa. La garant\u00eda son tus ventas, por lo que no necesitas arriesgar tu propiedad personal.<\/p>\n<p>[\/et_pb_blurb][\/et_pb_column][et_pb_column type=&#8221;1_2&#8243; _builder_version=&#8221;4.27.4&#8243; _module_preset=&#8221;default&#8221; global_colors_info=&#8221;{}&#8221;][et_pb_blurb title=&#8221;Capital de Trabajo Hasta 100.000\u20ac&#8221; image=&#8221;https:\/\/ibercap.es\/wp-content\/uploads\/2025\/10\/Hasta-100.000E-Solicita-Financiamiento-Para-Tu-Negocio.png&#8221; image_icon_width=&#8221;50%&#8221; _builder_version=&#8221;4.27.4&#8243; _module_preset=&#8221;default&#8221; header_level=&#8221;h3&#8243; header_font=&#8221;|600|||||||&#8221; header_text_align=&#8221;center&#8221; header_text_color=&#8221;#E09900&#8243; body_text_align=&#8221;center&#8221; global_colors_info=&#8221;{}&#8221;]<\/p>\n<p>Trabajamos junto a todos nuestros clientes para asegurar que los fondos se desplieguen de manera efectiva, apoyando la salud operativa a largo plazo y el crecimiento empresarial sostenible.<\/p>\n<p>[\/et_pb_blurb][et_pb_blurb title=&#8221;Solicita con Cualquier Puntuaci\u00f3n Crediticia&#8221; image=&#8221;https:\/\/ibercap.es\/wp-content\/uploads\/2025\/10\/Cualquier-Credito-Solicita-Financiamiento-Para-Tu-Negocio.png&#8221; image_icon_width=&#8221;50%&#8221; _builder_version=&#8221;4.27.4&#8243; _module_preset=&#8221;default&#8221; header_level=&#8221;h3&#8243; header_font=&#8221;|600|||||||&#8221; header_text_align=&#8221;center&#8221; header_text_color=&#8221;#E09900&#8243; body_text_align=&#8221;center&#8221; global_colors_info=&#8221;{}&#8221;]<\/p>\n<p>Determinamos tu elegibilidad para recibir un financiamiento bas\u00e1ndonos en modelos inteligentes desarrollados por Ibercap, lo que significa que tu puntuaci\u00f3n crediticia no deber\u00eda ser un obst\u00e1culo para recibir el dinero que necesita tu negocio.<\/p>\n<p>[\/et_pb_blurb][\/et_pb_column][\/et_pb_row][et_pb_row _builder_version=&#8221;4.27.4&#8243; _module_preset=&#8221;default&#8221; global_colors_info=&#8221;{}&#8221;][et_pb_column type=&#8221;4_4&#8243; _builder_version=&#8221;4.27.4&#8243; _module_preset=&#8221;default&#8221; global_colors_info=&#8221;{}&#8221;][et_pb_button button_url=&#8221;@ET-DC@eyJkeW5hbWljIjp0cnVlLCJjb250ZW50IjoicG9zdF9saW5rX3VybF9wYWdlIiwic2V0dGluZ3MiOnsicG9zdF9pZCI6IjkxIn19@&#8221; button_text=&#8221;solicita financiamiento para tu negocio&#8221; button_alignment=&#8221;center&#8221; _builder_version=&#8221;4.27.4&#8243; _dynamic_attributes=&#8221;button_url&#8221; _module_preset=&#8221;default&#8221; custom_button=&#8221;on&#8221; button_text_color=&#8221;#000000&#8243; button_bg_color=&#8221;#E09900&#8243; button_border_width=&#8221;0px&#8221; button_border_radius=&#8221;50px&#8221; button_font=&#8221;|600|||||||&#8221; button_use_icon=&#8221;off&#8221; global_colors_info=&#8221;{}&#8221;][\/et_pb_button][\/et_pb_column][\/et_pb_row][et_pb_row _builder_version=&#8221;4.27.4&#8243; _module_preset=&#8221;default&#8221; custom_padding=&#8221;30px|||||&#8221; global_colors_info=&#8221;{}&#8221;][et_pb_column type=&#8221;4_4&#8243; _builder_version=&#8221;4.27.4&#8243; _module_preset=&#8221;default&#8221; global_colors_info=&#8221;{}&#8221;][et_pb_divider color=&#8221;#E02B20&#8243; _builder_version=&#8221;4.27.4&#8243; _module_preset=&#8221;default&#8221; background_color=&#8221;RGBA(255,255,255,0)&#8221; global_colors_info=&#8221;{}&#8221;][\/et_pb_divider][\/et_pb_column][\/et_pb_row][\/et_pb_section][et_pb_section fb_built=&#8221;1&#8243; _builder_version=&#8221;4.27.4&#8243; _module_preset=&#8221;default&#8221; background_color=&#8221;#e0e0e0&#8243; global_colors_info=&#8221;{}&#8221; theme_builder_area=&#8221;post_content&#8221;][et_pb_row _builder_version=&#8221;4.27.4&#8243; _module_preset=&#8221;default&#8221; global_colors_info=&#8221;{}&#8221; theme_builder_area=&#8221;post_content&#8221;][et_pb_column type=&#8221;4_4&#8243; _builder_version=&#8221;4.27.4&#8243; _module_preset=&#8221;default&#8221; global_colors_info=&#8221;{}&#8221; theme_builder_area=&#8221;post_content&#8221;][et_pb_code _builder_version=&#8221;4.27.4&#8243; _module_preset=&#8221;default&#8221; global_colors_info=&#8221;{}&#8221; theme_builder_area=&#8221;post_content&#8221;]\n<div class=\"wpcf7 no-js\" id=\"wpcf7-f69-o1\" lang=\"en-GB\" dir=\"ltr\" data-wpcf7-id=\"69\">\n<div class=\"screen-reader-response\"><p role=\"status\" aria-live=\"polite\" aria-atomic=\"true\"><\/p> <ul><\/ul><\/div>\n<form action=\"\/index.php\/wp-json\/wp\/v2\/pages\/318#wpcf7-f69-o1\" method=\"post\" class=\"wpcf7-form init\" aria-label=\"Contact form\" novalidate=\"novalidate\" data-status=\"init\">\n<fieldset class=\"hidden-fields-container\"><input type=\"hidden\" name=\"_wpcf7\" value=\"69\" \/><input type=\"hidden\" name=\"_wpcf7_version\" value=\"6.1.4\" \/><input type=\"hidden\" name=\"_wpcf7_locale\" value=\"en_GB\" \/><input type=\"hidden\" name=\"_wpcf7_unit_tag\" value=\"wpcf7-f69-o1\" \/><input type=\"hidden\" name=\"_wpcf7_container_post\" value=\"0\" \/><input type=\"hidden\" name=\"_wpcf7_posted_data_hash\" value=\"\" \/>\n<\/fieldset>\n<div class=\"custom-financing-form\">\n\t<h2 class=\"form-title\">SOLICITA FINANCIACI\u00d3N PARA TU NEGOCIO HOY\n\t<\/h2>\n\t<div class=\"form-row\">\n\t\t<div class=\"form-column\">\n\t\t\t<p><label>Nombre<\/label><br \/>\n<span class=\"wpcf7-form-control-wrap\" data-name=\"your-name\"><input size=\"40\" maxlength=\"400\" class=\"wpcf7-form-control wpcf7-text wpcf7-validates-as-required\" aria-required=\"true\" aria-invalid=\"false\" value=\"\" type=\"text\" name=\"your-name\" \/><\/span>\n\t\t\t<\/p>\n\t\t<\/div>\n\t\t<div class=\"form-column\">\n\t\t\t<p><label>Apellidos<\/label><br \/>\n<span class=\"wpcf7-form-control-wrap\" data-name=\"your-last-name\"><input size=\"40\" maxlength=\"400\" class=\"wpcf7-form-control wpcf7-text wpcf7-validates-as-required\" aria-required=\"true\" aria-invalid=\"false\" value=\"\" type=\"text\" name=\"your-last-name\" \/><\/span>\n\t\t\t<\/p>\n\t\t<\/div>\n\t<\/div>\n\t<div class=\"form-row\">\n\t\t<div class=\"form-column\">\n\t\t\t<p><label>Nombre de la empresa<\/label><br \/>\n<span class=\"wpcf7-form-control-wrap\" data-name=\"company-name\"><input size=\"40\" maxlength=\"400\" class=\"wpcf7-form-control wpcf7-text wpcf7-validates-as-required\" aria-required=\"true\" aria-invalid=\"false\" value=\"\" type=\"text\" name=\"company-name\" \/><\/span>\n\t\t\t<\/p>\n\t\t<\/div>\n\t\t<div class=\"form-column\">\n\t\t\t<p><label>A\u00f1os en actividad<\/label><br \/>\n<span class=\"wpcf7-form-control-wrap\" data-name=\"years-in-activity\"><select class=\"wpcf7-form-control wpcf7-select\" aria-invalid=\"false\" name=\"years-in-activity\"><option value=\"--Por favor, elige una opci\u00f3n--\">--Por favor, elige una opci\u00f3n--<\/option><option value=\"Menos de 1 a\u00f1o\">Menos de 1 a\u00f1o<\/option><option value=\"1-2 a\u00f1os\">1-2 a\u00f1os<\/option><option value=\"2-5 a\u00f1os\">2-5 a\u00f1os<\/option><option value=\"5+ a\u00f1os\">5+ a\u00f1os<\/option><\/select><\/span>\n\t\t\t<\/p>\n\t\t<\/div>\n\t<\/div>\n\t<div class=\"form-row\">\n\t\t<div class=\"form-column\">\n\t\t\t<p><label>Email de la empresa<\/label><br \/>\n<span class=\"wpcf7-form-control-wrap\" data-name=\"business-email\"><input size=\"40\" maxlength=\"400\" class=\"wpcf7-form-control wpcf7-email wpcf7-validates-as-required wpcf7-text wpcf7-validates-as-email\" aria-required=\"true\" aria-invalid=\"false\" value=\"\" type=\"email\" name=\"business-email\" \/><\/span>\n\t\t\t<\/p>\n\t\t<\/div>\n\t\t<div class=\"form-column\">\n\t\t\t<p><label>Email alternativo<\/label><br \/>\n<span class=\"wpcf7-form-control-wrap\" data-name=\"alternative-email\"><input size=\"40\" maxlength=\"400\" class=\"wpcf7-form-control wpcf7-email wpcf7-text wpcf7-validates-as-email\" aria-invalid=\"false\" value=\"\" type=\"email\" name=\"alternative-email\" \/><\/span>\n\t\t\t<\/p>\n\t\t<\/div>\n\t<\/div>\n\t<div class=\"form-row\">\n\t\t<div class=\"form-column\">\n\t\t\t<p><label>Tel\u00e9fono de la empresa<\/label><br \/>\n<span class=\"wpcf7-form-control-wrap\" data-name=\"business-phone\"><input size=\"40\" maxlength=\"400\" class=\"wpcf7-form-control wpcf7-tel wpcf7-validates-as-required wpcf7-text wpcf7-validates-as-tel\" aria-required=\"true\" aria-invalid=\"false\" placeholder=\"No olvides poner +34 al principio\" value=\"\" type=\"tel\" name=\"business-phone\" \/><\/span>\n\t\t\t<\/p>\n\t\t<\/div>\n\t\t<div class=\"form-column\">\n\t\t\t<p><label>Tel\u00e9fono m\u00f3vil<\/label><br \/>\n<span class=\"wpcf7-form-control-wrap\" data-name=\"mobile-phone\"><input size=\"40\" maxlength=\"400\" class=\"wpcf7-form-control wpcf7-tel wpcf7-text wpcf7-validates-as-tel\" aria-invalid=\"false\" placeholder=\"No olvides poner +34 al principio\" value=\"\" type=\"tel\" name=\"mobile-phone\" \/><\/span>\n\t\t\t<\/p>\n\t\t<\/div>\n\t<\/div>\n\t<div class=\"full-width-field\">\n\t\t<p><label>Ventas Mensuales Promedio<\/label>\n\t\t<\/p>\n\t\t<p class=\"field-description\">Nuestra pol\u00edtica actual limita las inversiones a empresas que tienen un m\u00ednimo de 5.000 \u20ac de ingresos mensuales\n\t\t<\/p>\n\t\t<p><span class=\"wpcf7-form-control-wrap\" data-name=\"avg-month-sales\"><input class=\"wpcf7-form-control wpcf7-number wpcf7-validates-as-required wpcf7-validates-as-number\" min=\"5000\" max=\"500000\" step=\"500\" aria-required=\"true\" aria-invalid=\"false\" value=\"\" type=\"number\" name=\"avg-month-sales\" \/><\/span>\n\t\t<\/p>\n\t<\/div>\n\t<div class=\"full-width-field\">\n\t\t<p><label>Cantidad Solicitada<\/label>\n\t\t<\/p>\n\t\t<p class=\"field-description\">Actualmente aceptamos solicitudes desde 1.000 \u20ac hasta 100.000 \u20ac\n\t\t<\/p>\n\t\t<p><span class=\"wpcf7-form-control-wrap\" data-name=\"requested-quantity\"><input class=\"wpcf7-form-control wpcf7-number wpcf7-validates-as-required wpcf7-validates-as-number\" min=\"1000\" max=\"100000\" step=\"500\" aria-required=\"true\" aria-invalid=\"false\" value=\"\" type=\"number\" name=\"requested-quantity\" \/><\/span>\n\t\t<\/p>\n\t<\/div>\n\t<p class=\"privacy-policy-notice\">Al utilizar este formulario, aceptas el almacenamiento y la gesti\u00f3n de tus datos por parte de este sitio web de acuerdo con nuestra <a href=\"\/privacy-policy\">Pol\u00edtica de Privacidad<\/a>.\n\t<\/p>\n\t<div class=\"submit-button-wrapper\">\n\t\t<p><input class=\"wpcf7-form-control wpcf7-submit has-spinner\" type=\"submit\" value=\"SOLICITAR AHORA\" \/>\n\t\t<\/p>\n\t<\/div>\n<\/div><div class=\"wpcf7-response-output\" aria-hidden=\"true\"><\/div>\n<\/form>\n<\/div>\n[\/et_pb_code][et_pb_code _builder_version=&#8221;4.27.4&#8243; _module_preset=&#8221;default&#8221; global_colors_info=&#8221;{}&#8221; theme_builder_area=&#8221;post_content&#8221;]<script><!-- [et_pb_line_break_holder] -->(function($) {<!-- [et_pb_line_break_holder] -->    \/\/ Wait for the entire window to load<!-- [et_pb_line_break_holder] -->    $(window).on('load', function() {<!-- [et_pb_line_break_holder] -->        \/\/ Add a 500 millisecond delay to ensure Divi modules are ready<!-- [et_pb_line_break_holder] -->        setTimeout(function() {<!-- [et_pb_line_break_holder] -->            \/\/ Find the input field using a more specific selector<!-- [et_pb_line_break_holder] -->            var salesInput = $('input#avg-month-sales');<!-- [et_pb_line_break_holder] --><!-- [et_pb_line_break_holder] -->            \/\/ If the field is found, apply the attributes<!-- [et_pb_line_break_holder] -->            if(salesInput.length > 0) {<!-- [et_pb_line_break_holder] -->                salesInput.attr({<!-- [et_pb_line_break_holder] -->                    'type': 'number',<!-- [et_pb_line_break_holder] -->                    'min': '5000',<!-- [et_pb_line_break_holder] -->                    'max': '500000',<!-- [et_pb_line_break_holder] -->                    'step': '500',<!-- [et_pb_line_break_holder] -->                    'value': '5000'<!-- [et_pb_line_break_holder] -->                });<!-- [et_pb_line_break_holder] -->            }<!-- [et_pb_line_break_holder] -->        }, 500); <!-- [et_pb_line_break_holder] -->    });<!-- [et_pb_line_break_holder] -->})(jQuery);<!-- [et_pb_line_break_holder] --><\/script>[\/et_pb_code][\/et_pb_column][\/et_pb_row][\/et_pb_section]<\/p>\n","protected":false},"excerpt":{"rendered":"<p>Apoyo Empresarial con Ibercap Si buscas financiaci\u00f3n para tu negocio, hay varios factores que debes tener en cuenta al evaluar si ciertos productos son adecuados para las necesidades de tu empresa. Antes de solicitar financiaci\u00f3n, deber\u00edas preguntarte: \u00bfCu\u00e1nto dinero necesita tu empresa? Si buscas financiaci\u00f3n para tu negocio, es fundamental encontrar un prestamista alternativo como [&hellip;]<\/p>\n","protected":false},"author":1,"featured_media":0,"parent":0,"menu_order":0,"comment_status":"closed","ping_status":"closed","template":"","meta":{"_et_pb_use_builder":"on","_et_pb_old_content":"","_et_gb_content_width":"","inline_featured_image":false,"footnotes":""},"class_list":["post-318","page","type-page","status-publish","hentry"],"_links":{"self":[{"href":"https:\/\/ibercap.es\/index.php\/wp-json\/wp\/v2\/pages\/318","targetHints":{"allow":["GET"]}}],"collection":[{"href":"https:\/\/ibercap.es\/index.php\/wp-json\/wp\/v2\/pages"}],"about":[{"href":"https:\/\/ibercap.es\/index.php\/wp-json\/wp\/v2\/types\/page"}],"author":[{"embeddable":true,"href":"https:\/\/ibercap.es\/index.php\/wp-json\/wp\/v2\/users\/1"}],"replies":[{"embeddable":true,"href":"https:\/\/ibercap.es\/index.php\/wp-json\/wp\/v2\/comments?post=318"}],"version-history":[{"count":5,"href":"https:\/\/ibercap.es\/index.php\/wp-json\/wp\/v2\/pages\/318\/revisions"}],"predecessor-version":[{"id":333,"href":"https:\/\/ibercap.es\/index.php\/wp-json\/wp\/v2\/pages\/318\/revisions\/333"}],"wp:attachment":[{"href":"https:\/\/ibercap.es\/index.php\/wp-json\/wp\/v2\/media?parent=318"}],"curies":[{"name":"wp","href":"https:\/\/api.w.org\/{rel}","templated":true}]}}