{"id":276,"date":"2025-10-08T17:34:29","date_gmt":"2025-10-08T17:34:29","guid":{"rendered":"https:\/\/ibercap.es\/?page_id=276"},"modified":"2025-10-08T17:36:22","modified_gmt":"2025-10-08T17:36:22","slug":"politica-de-cookies-de-ibercap","status":"publish","type":"page","link":"https:\/\/ibercap.es\/index.php\/politica-de-cookies-de-ibercap\/","title":{"rendered":"Pol\u00edtica de Cookies de Ibercap"},"content":{"rendered":"<p>[et_pb_section fb_built=&#8221;1&#8243; _builder_version=&#8221;4.27.4&#8243; _module_preset=&#8221;default&#8221; global_colors_info=&#8221;{}&#8221;][et_pb_row _builder_version=&#8221;4.27.4&#8243; _module_preset=&#8221;default&#8221; global_colors_info=&#8221;{}&#8221;][et_pb_column type=&#8221;4_4&#8243; _builder_version=&#8221;4.27.4&#8243; _module_preset=&#8221;default&#8221; global_colors_info=&#8221;{}&#8221;][et_pb_text _builder_version=&#8221;4.27.4&#8243; _module_preset=&#8221;default&#8221; header_2_text_color=&#8221;#E09900&#8243; custom_margin=&#8221;60px||||false|false&#8221; hover_enabled=&#8221;0&#8243; global_colors_info=&#8221;{}&#8221; sticky_enabled=&#8221;0&#8243;]<\/p>\n<div style=\"font-family: 'Helvetica Neue', Arial, sans-serif; color: #444444; line-height: 1.8; padding: 15px;\">\n<h2 style=\"color: #333333; font-size: 26px; font-weight: 600; text-align: center; margin-bottom: 30px;\">POL\u00cdTICA DE COOKIES<\/h2>\n<h3 style=\"color: #333333; font-size: 20px; font-weight: 600; margin-top: 30px; margin-bottom: 15px;\">\u00bfQu\u00e9 son las cookies?<\/h3>\n<p style=\"font-size: 16px; margin-bottom: 15px;\">Las cookies son peque\u00f1os archivos de texto que se almacenan en tu ordenador, tel\u00e9fono m\u00f3vil o dispositivo. Las cookies pueden ser colocadas en tu dispositivo cuando visitas un sitio web o abres un correo electr\u00f3nico de marketing.<\/p>\n<h3 style=\"color: #333333; font-size: 20px; font-weight: 600; margin-top: 30px; margin-bottom: 15px;\">Informaci\u00f3n sobre nuestro uso de cookies<\/h3>\n<p style=\"font-size: 16px; margin-bottom: 15px;\">Nuestro sitio web utiliza cookies para distinguirte de otros usuarios. Esto nos ayuda a proporcionarte una buena experiencia cuando navegas por nuestro sitio web y tambi\u00e9n nos permite mejorarlo. Si contin\u00faas navegando por nuestro sitio, consideraremos que est\u00e1s aceptando nuestro uso de cookies.<\/p>\n<p style=\"font-size: 16px; margin-bottom: 15px;\">Las cookies que usamos son las siguientes:<\/p>\n<ul style=\"list-style-type: disc; padding-left: 25px; margin-bottom: 15px;\">\n<li style=\"margin-bottom: 10px;\"><strong style=\"color: #222222; font-weight: bold;\">Cookies estrictamente necesarias:<\/strong> se trata de cookies que se requieren para el funcionamiento de nuestro sitio web. Incluyen, por ejemplo, cookies que te permiten iniciar sesi\u00f3n en \u00e1reas seguras de nuestro sitio web.<\/li>\n<li style=\"margin-bottom: 10px;\"><strong style=\"color: #222222; font-weight: bold;\">Cookies anal\u00edticas\/de rendimiento:<\/strong> nos permiten reconocer y contar el n\u00famero de visitantes y ver c\u00f3mo se mueven por nuestro sitio web cuando lo utilizan. Esto nos ayuda a mejorar el funcionamiento de nuestro sitio web.<\/li>\n<li style=\"margin-bottom: 10px;\"><strong style=\"color: #222222; font-weight: bold;\">Cookies de funcionalidad:<\/strong> estas se utilizan para reconocerte cuando vuelves a nuestro sitio web. Esto nos permite personalizar nuestro contenido para ti y recordar tus preferencias.<\/li>\n<li style=\"margin-bottom: 10px;\"><strong style=\"color: #222222; font-weight: bold;\">Cookies de segmentaci\u00f3n:<\/strong> estas cookies registran tu visita a nuestro sitio web, las p\u00e1ginas que has visitado y los enlaces que has seguido. Usaremos esta informaci\u00f3n para hacer que nuestro sitio web y la publicidad que se muestra en \u00e9l se ajusten m\u00e1s a tus intereses.<\/li>\n<\/ul>\n<p style=\"font-size: 16px; margin-bottom: 15px;\">Puedes encontrar m\u00e1s informaci\u00f3n sobre las cookies individuales que utilizamos y los prop\u00f3sitos para los que las usamos contact\u00e1ndonos en <a href=\"mailto:info@ibercap.es\"><strong style=\"color: #222222; font-weight: bold;\">info@ibercap.es<\/strong><\/a>.<\/p>\n<h3 style=\"color: #333333; font-size: 20px; font-weight: 600; margin-top: 30px; margin-bottom: 15px;\">Cookies de Terceros<\/h3>\n<p style=\"font-size: 16px; margin-bottom: 15px;\">Por favor, ten en cuenta que terceros (por ejemplo, redes publicitarias y proveedores de servicios externos como servicios de an\u00e1lisis de tr\u00e1fico web) tambi\u00e9n pueden usar cookies sobre las cuales no tenemos control. Estas probablemente sean cookies anal\u00edticas\/de rendimiento o cookies de orientaci\u00f3n.<\/p>\n<h3 style=\"color: #333333; font-size: 20px; font-weight: 600; margin-top: 30px; margin-bottom: 15px;\">C\u00f3mo Gestionar Nuestras Cookies<\/h3>\n<p style=\"font-size: 16px; margin-bottom: 15px;\">Puedes bloquear las cookies activando la configuraci\u00f3n de tu navegador que te permite rechazar la configuraci\u00f3n de todas o algunas cookies. Sin embargo, si usas la configuraci\u00f3n de tu navegador para bloquear todas las cookies (incluyendo las esenciales) es posible que no puedas acceder a todas o a algunas partes de nuestro sitio.<\/p>\n<\/div>\n<p>[\/et_pb_text][\/et_pb_column][\/et_pb_row][\/et_pb_section]<\/p>\n","protected":false},"excerpt":{"rendered":"<p>POL\u00cdTICA DE COOKIES \u00bfQu\u00e9 son las cookies? Las cookies son peque\u00f1os archivos de texto que se almacenan en tu ordenador, tel\u00e9fono m\u00f3vil o dispositivo. Las cookies pueden ser colocadas en tu dispositivo cuando visitas un sitio web o abres un correo electr\u00f3nico de marketing. Informaci\u00f3n sobre nuestro uso de cookies Nuestro sitio web utiliza cookies [&hellip;]<\/p>\n","protected":false},"author":1,"featured_media":0,"parent":0,"menu_order":0,"comment_status":"closed","ping_status":"closed","template":"","meta":{"_et_pb_use_builder":"on","_et_pb_old_content":"","_et_gb_content_width":"","inline_featured_image":false,"footnotes":""},"class_list":["post-276","page","type-page","status-publish","hentry"],"_links":{"self":[{"href":"https:\/\/ibercap.es\/index.php\/wp-json\/wp\/v2\/pages\/276","targetHints":{"allow":["GET"]}}],"collection":[{"href":"https:\/\/ibercap.es\/index.php\/wp-json\/wp\/v2\/pages"}],"about":[{"href":"https:\/\/ibercap.es\/index.php\/wp-json\/wp\/v2\/types\/page"}],"author":[{"embeddable":true,"href":"https:\/\/ibercap.es\/index.php\/wp-json\/wp\/v2\/users\/1"}],"replies":[{"embeddable":true,"href":"https:\/\/ibercap.es\/index.php\/wp-json\/wp\/v2\/comments?post=276"}],"version-history":[{"count":3,"href":"https:\/\/ibercap.es\/index.php\/wp-json\/wp\/v2\/pages\/276\/revisions"}],"predecessor-version":[{"id":281,"href":"https:\/\/ibercap.es\/index.php\/wp-json\/wp\/v2\/pages\/276\/revisions\/281"}],"wp:attachment":[{"href":"https:\/\/ibercap.es\/index.php\/wp-json\/wp\/v2\/media?parent=276"}],"curies":[{"name":"wp","href":"https:\/\/api.w.org\/{rel}","templated":true}]}}