{"id":270,"date":"2025-10-08T17:25:08","date_gmt":"2025-10-08T17:25:08","guid":{"rendered":"https:\/\/ibercap.es\/?page_id=270"},"modified":"2025-10-08T17:27:31","modified_gmt":"2025-10-08T17:27:31","slug":"politica-de-privacidad","status":"publish","type":"page","link":"https:\/\/ibercap.es\/index.php\/politica-de-privacidad\/","title":{"rendered":"Pol\u00edtica de Privacidad"},"content":{"rendered":"\n[et_pb_section fb_built=&#8221;1&#8243; _builder_version=&#8221;4.27.4&#8243; _module_preset=&#8221;default&#8221; global_colors_info=&#8221;{}&#8221; theme_builder_area=&#8221;post_content&#8221;][et_pb_row _builder_version=&#8221;4.27.4&#8243; _module_preset=&#8221;default&#8221; global_colors_info=&#8221;{}&#8221; theme_builder_area=&#8221;post_content&#8221;][et_pb_column type=&#8221;4_4&#8243; _builder_version=&#8221;4.27.4&#8243; _module_preset=&#8221;default&#8221; global_colors_info=&#8221;{}&#8221; theme_builder_area=&#8221;post_content&#8221;][et_pb_text _builder_version=&#8221;4.27.4&#8243; _module_preset=&#8221;default&#8221; header_2_text_color=&#8221;#E09900&#8243; custom_margin=&#8221;60px||||false|false&#8221; hover_enabled=&#8221;0&#8243; global_colors_info=&#8221;{}&#8221; theme_builder_area=&#8221;post_content&#8221; sticky_enabled=&#8221;0&#8243;]<div style=\"font-family: 'Helvetica Neue', Arial, sans-serif; color: #444444; line-height: 1.8; padding: 15px;\">\n<h2 style=\"color: #333333; font-size: 26px; font-weight: 600; text-align: center; margin-bottom: 30px;\">POL\u00cdTICA DE PRIVACIDAD<\/h2>\n<h3 style=\"color: #333333; font-size: 20px; font-weight: 600; margin-top: 30px; margin-bottom: 15px;\">Pol\u00edtica de Privacidad y Protecci\u00f3n de Datos<\/h3>\n<p style=\"font-size: 16px; margin-bottom: 15px;\">Respetando lo establecido en la legislaci\u00f3n vigente, <strong>IBERCAP TECH SL<\/strong> (en adelante, tambi\u00e9n Sitio Web) se compromete a adoptar las medidas t\u00e9cnicas y organizativas necesarias, seg\u00fan el nivel de seguridad adecuado al riesgo de los datos recogidos.<\/p>\n<h3 style=\"color: #333333; font-size: 20px; font-weight: 600; margin-top: 30px; margin-bottom: 15px;\">Leyes que incorpora esta pol\u00edtica de privacidad<\/h3>\n<p style=\"font-size: 16px; margin-bottom: 15px;\">Esta pol\u00edtica de privacidad est\u00e1 adaptada a la normativa espa\u00f1ola y europea vigente en materia de protecci\u00f3n de datos personales en internet. En concreto, la misma respeta las siguientes normas:<\/p>\n<ul style=\"list-style-type: disc; padding-left: 25px; margin-bottom: 15px;\">\n<li style=\"margin-bottom: 10px;\">El Reglamento (UE) 2016\/679 del Parlamento Europeo y del Consejo, de 27 de abril de 2016 (RGPD).<\/li>\n<li style=\"margin-bottom: 10px;\">La Ley Org\u00e1nica 3\/2018, de 5 de diciembre, de Protecci\u00f3n de Datos Personales y garant\u00eda de los derechos digitales (LOPD-GDD).<\/li>\n<li style=\"margin-bottom: 10px;\">La Ley 34\/2002, de 11 de julio, de Servicios de la Sociedad de la Informaci\u00f3n y de Comercio Electr\u00f3nico (LSSI-CE).<\/li>\n<\/ul>\n<h3 style=\"color: #333333; font-size: 20px; font-weight: 600; margin-top: 30px; margin-bottom: 15px;\">Identidad del responsable del tratamiento de los datos personales<\/h3>\n<div style=\"background-color: #f9f9f9; border-left: 4px solid #e09900; padding: 20px; margin: 20px 0;\">\n<p style=\"font-size: 16px; margin-bottom: 15px;\">El responsable del tratamiento de los datos personales recogidos en www.ibercap.es es: <strong style=\"color: #222222; font-weight: bold;\">IBERCAP TECH SL<\/strong>, provista de NIF: <strong style=\"color: #222222; font-weight: bold;\">[NIF de Ibercap]<\/strong>. Sus datos de contacto son los siguientes:<\/p>\n<p style=\"font-size: 16px; margin-bottom: 15px;\"><strong style=\"color: #222222; font-weight: bold;\">Direcci\u00f3n:<\/strong> C. de V\u00edctor Hugo, 1\u00ba, 4\u00ba Dcha, Centro, 28004 Madrid.<br \/><strong style=\"color: #222222; font-weight: bold;\">Tel\u00e9fono de contacto:<\/strong> +34 632348807<br \/><strong style=\"color: #222222; font-weight: bold;\">Email de contacto:<\/strong> <a href=\"mailto:info@ibercap.es\">info@ibercap.es<\/a><\/p>\n<\/div>\n<h3 style=\"color: #333333; font-size: 20px; font-weight: 600; margin-top: 30px; margin-bottom: 15px;\">Principios aplicables al tratamiento de los datos personales<\/h3>\n<p style=\"font-size: 16px; margin-bottom: 15px;\">El tratamiento de los datos personales del Usuario se someter\u00e1 a los siguientes principios recogidos en el art\u00edculo 5 del RGPD y en el art\u00edculo 4 y siguientes de la LOPD-GDD:<\/p>\n<ul style=\"list-style-type: disc; padding-left: 25px; margin-bottom: 15px;\">\n<li style=\"margin-bottom: 10px;\"><strong style=\"color: #222222; font-weight: bold;\">Principio de licitud, lealtad y transparencia:<\/strong> se requerir\u00e1 en todo momento el consentimiento del Usuario previa informaci\u00f3n completamente transparente de los fines para los cuales se recogen los datos personales.<\/li>\n<li style=\"margin-bottom: 10px;\"><strong style=\"color: #222222; font-weight: bold;\">Principio de limitaci\u00f3n de la finalidad:<\/strong> los datos personales ser\u00e1n recogidos con fines determinados, expl\u00edcitos y leg\u00edtimos.<\/li>\n<li style=\"margin-bottom: 10px;\"><strong style=\"color: #222222; font-weight: bold;\">Principio de minimizaci\u00f3n de datos:<\/strong> los datos personales recogidos ser\u00e1n \u00fanicamente los estrictamente necesarios en relaci\u00f3n con los fines para los que son tratados.<\/li>\n<li style=\"margin-bottom: 10px;\"><strong style=\"color: #222222; font-weight: bold;\">Principio de exactitud:<\/strong> los datos personales deben ser exactos y estar siempre actualizados.<\/li>\n<li style=\"margin-bottom: 10px;\"><strong style=\"color: #222222; font-weight: bold;\">Principio de limitaci\u00f3n del plazo de conservaci\u00f3n:<\/strong> los datos personales s\u00f3lo ser\u00e1n mantenidos de forma que se permita la identificaci\u00f3n del Usuario durante el tiempo necesario para los fines de su tratamiento.<\/li>\n<li style=\"margin-bottom: 10px;\"><strong style=\"color: #222222; font-weight: bold;\">Principio de integridad y confidencialidad:<\/strong> los datos personales ser\u00e1n tratados de manera que se garantice su seguridad y confidencialidad.<\/li>\n<li style=\"margin-bottom: 10px;\"><strong style=\"color: #222222; font-weight: bold;\">Principio de responsabilidad proactiva:<\/strong> el Responsable del tratamiento ser\u00e1 responsable de asegurar que los principios anteriores se cumplen.<\/li>\n<\/ul>\n<h3 style=\"color: #333333; font-size: 20px; font-weight: 600; margin-top: 30px; margin-bottom: 15px;\">Base legal para el tratamiento de los datos personales<\/h3>\n<p style=\"font-size: 16px; margin-bottom: 15px;\">La base legal para el tratamiento de los datos personales es el consentimiento. IBERCAP TECH SL se compromete a recabar el consentimiento expreso y verificable del Usuario para el tratamiento de sus datos personales para uno o varios fines espec\u00edficos. El Usuario tendr\u00e1 derecho a retirar su consentimiento en cualquier momento. Ser\u00e1 tan f\u00e1cil retirar el consentimiento como darlo. Como regla general, la retirada del consentimiento no condicionar\u00e1 el uso del Sitio Web.<\/p>\n<h3 style=\"color: #333333; font-size: 20px; font-weight: 600; margin-top: 30px; margin-bottom: 15px;\">Secreto y seguridad de los datos personales<\/h3>\n<p style=\"font-size: 16px; margin-bottom: 15px;\">IBERCAP TECH SL se compromete a adoptar las medidas t\u00e9cnicas y organizativas necesarias, seg\u00fan el nivel de seguridad adecuado al riesgo de los datos recogidos, de forma que se garantice la seguridad de los datos de car\u00e1cter personal y se evite la destrucci\u00f3n, p\u00e9rdida o alteraci\u00f3n accidental o il\u00edcita de datos personales transmitidos, conservados o tratados de otra forma, o la comunicaci\u00f3n o acceso no autorizados a dichos datos.<\/p>\n<p style=\"font-size: 16px; margin-bottom: 15px;\">El Sitio Web cuenta con un certificado SSL (Secure Socket Layer), que asegura que los datos personales se transmiten de forma segura y confidencial.<\/p>\n<h3 style=\"color: #333333; font-size: 20px; font-weight: 600; margin-top: 30px; margin-bottom: 15px;\">Derechos derivados del tratamiento de los datos personales<\/h3>\n<p style=\"font-size: 16px; margin-bottom: 15px;\">El Usuario tiene sobre IBERCAP TECH SL y podr\u00e1, por tanto, ejercer frente al Responsable del tratamiento los siguientes derechos reconocidos en el RGPD y la LOPD-GDD:<\/p>\n<ul style=\"list-style-type: disc; padding-left: 25px; margin-bottom: 15px;\">\n<li style=\"margin-bottom: 10px;\">Derecho de acceso, rectificaci\u00f3n, supresi\u00f3n, limitaci\u00f3n del tratamiento, portabilidad de los datos, oposici\u00f3n y a no ser objeto de decisiones individuales automatizadas.<\/li>\n<\/ul>\n<p style=\"font-size: 16px; margin-bottom: 15px;\">As\u00ed pues, el Usuario podr\u00e1 ejercitar sus derechos mediante comunicaci\u00f3n escrita dirigida al Responsable del tratamiento con la referencia &#8220;RGPD-Ibercap&#8221;, especificando sus datos, acreditando su identidad y los motivos de su solicitud en la direcci\u00f3n o email de contacto provistos anteriormente.<\/p>\n<h3 style=\"color: #333333; font-size: 20px; font-weight: 600; margin-top: 30px; margin-bottom: 15px;\">Aceptaci\u00f3n y cambios en esta pol\u00edtica de privacidad<\/h3>\n<p style=\"font-size: 16px; margin-bottom: 15px;\">Es necesario que el Usuario haya le\u00eddo y est\u00e9 conforme con las condiciones sobre la protecci\u00f3n de datos de car\u00e1cter personal contenidas en esta Pol\u00edtica de Privacidad, as\u00ed como que acepte el tratamiento de sus datos personales. El uso del Sitio Web implicar\u00e1 la aceptaci\u00f3n de la Pol\u00edtica de Privacidad del mismo.<\/p>\n<p style=\"font-size: 16px; margin-bottom: 15px;\">IBERCAP TECH SL se reserva el derecho a modificar su Pol\u00edtica de Privacidad, de acuerdo a su propio criterio, o motivado por un cambio legislativo, jurisprudencial o doctrinal de la Agencia Espa\u00f1ola de Protecci\u00f3n de Datos. Se recomienda al Usuario consultar esta p\u00e1gina de forma peri\u00f3dica para estar al tanto de los \u00faltimos cambios o actualizaciones.<\/p>\n<\/div>[\/et_pb_text][\/et_pb_column][\/et_pb_row][\/et_pb_section]\n","protected":false},"excerpt":{"rendered":"<p>POL\u00cdTICA DE PRIVACIDAD Pol\u00edtica de Privacidad y Protecci\u00f3n de Datos Respetando lo establecido en la legislaci\u00f3n vigente, IBERCAP TECH SL (en adelante, tambi\u00e9n Sitio Web) se compromete a adoptar las medidas t\u00e9cnicas y organizativas necesarias, seg\u00fan el nivel de seguridad adecuado al riesgo de los datos recogidos. Leyes que incorpora esta pol\u00edtica de privacidad Esta [&hellip;]<\/p>\n","protected":false},"author":1,"featured_media":0,"parent":0,"menu_order":0,"comment_status":"closed","ping_status":"closed","template":"","meta":{"_et_pb_use_builder":"on","_et_pb_old_content":"","_et_gb_content_width":"","inline_featured_image":false,"footnotes":""},"class_list":["post-270","page","type-page","status-publish","hentry"],"_links":{"self":[{"href":"https:\/\/ibercap.es\/index.php\/wp-json\/wp\/v2\/pages\/270","targetHints":{"allow":["GET"]}}],"collection":[{"href":"https:\/\/ibercap.es\/index.php\/wp-json\/wp\/v2\/pages"}],"about":[{"href":"https:\/\/ibercap.es\/index.php\/wp-json\/wp\/v2\/types\/page"}],"author":[{"embeddable":true,"href":"https:\/\/ibercap.es\/index.php\/wp-json\/wp\/v2\/users\/1"}],"replies":[{"embeddable":true,"href":"https:\/\/ibercap.es\/index.php\/wp-json\/wp\/v2\/comments?post=270"}],"version-history":[{"count":4,"href":"https:\/\/ibercap.es\/index.php\/wp-json\/wp\/v2\/pages\/270\/revisions"}],"predecessor-version":[{"id":322,"href":"https:\/\/ibercap.es\/index.php\/wp-json\/wp\/v2\/pages\/270\/revisions\/322"}],"wp:attachment":[{"href":"https:\/\/ibercap.es\/index.php\/wp-json\/wp\/v2\/media?parent=270"}],"curies":[{"name":"wp","href":"https:\/\/api.w.org\/{rel}","templated":true}]}}